{"id":576,"date":"2022-03-21T07:21:11","date_gmt":"2022-03-21T07:21:11","guid":{"rendered":"http:\/\/victorwetzel.fr\/?page_id=576"},"modified":"2026-04-26T09:55:33","modified_gmt":"2026-04-26T09:55:33","slug":"home","status":"publish","type":"page","link":"https:\/\/victorwetzel.fr\/","title":{"rendered":"Home"},"content":{"rendered":"\n<div class=\"wp-block-group is-layout-flow wp-block-group-is-layout-flow\">\n<div class=\"wp-block-columns alignfull are-vertically-aligned-bottom is-layout-flex wp-container-core-columns-is-layout-9d6595d7 wp-block-columns-is-layout-flex\">\n<div class=\"wp-block-column is-vertically-aligned-bottom is-layout-flow wp-block-column-is-layout-flow\" style=\"flex-basis:100%\">\n<div class=\"wp-block-columns is-layout-flex wp-container-core-columns-is-layout-9d6595d7 wp-block-columns-is-layout-flex\">\n<div class=\"wp-block-column is-layout-flow wp-block-column-is-layout-flow\">\n<div class=\"wp-block-columns is-layout-flex wp-container-core-columns-is-layout-9d6595d7 wp-block-columns-is-layout-flex\">\n<div class=\"wp-block-column is-layout-flow wp-block-column-is-layout-flow\" style=\"flex-basis:33.33%\">\n<figure class=\"wp-block-image size-full\"><img loading=\"lazy\" decoding=\"async\" width=\"379\" height=\"568\" src=\"http:\/\/victorwetzel.fr\/wp-content\/uploads\/2023\/08\/DSC00052@0.1x.jpg\" alt=\"\" class=\"wp-image-1111\" srcset=\"https:\/\/victorwetzel.fr\/wp-content\/uploads\/2023\/08\/DSC00052@0.1x.jpg 379w, https:\/\/victorwetzel.fr\/wp-content\/uploads\/2023\/08\/DSC00052@0.1x-200x300.jpg 200w\" sizes=\"auto, (max-width: 379px) 100vw, 379px\" \/><\/figure>\n<\/div>\n\n\n\n<div class=\"wp-block-column is-layout-flow wp-block-column-is-layout-flow\" style=\"flex-basis:66.66%\">\n<h2 class=\"wp-block-heading\">Victor Wetzel<\/h2>\n\n\n\n<p>Compositeur, enseignant et chanteur<\/p>\n\n\n\n<h4 class=\"wp-block-heading\">Actualit\u00e9s<\/h4>\n\n\n\n<p><strong>2 avril : <\/strong>concert <em>Radeau des Cimes<\/em> \u00e0 la m\u00e9diath\u00e8que de Vitry<\/p>\n\n\n\n<p><strong>13 avril :<\/strong> restitution du projet <em>R\u00e9sonances fantastiques<\/em> au lyc\u00e9e Honor\u00e9 de Balzac (Mitry-Mory)<br><br><strong>30 mai :<\/strong> choriste sur le Requiem de Verdi avec le Staatskapellen de Dresde (dir. Daniele Gati)<br><br><strong>18 juin :<\/strong> restitution du projet Chemin des Arts avec l&rsquo;ensemble Court-Circuit<\/p>\n\n\n\n<p><\/p>\n<\/div>\n<\/div>\n<\/div>\n<\/div>\n<\/div>\n<\/div>\n<\/div>\n\n\n\n<h4 class=\"wp-block-heading\">Quelques projets<\/h4>\n\n\n<style id=\"sp_pcp_dynamic_style830\">#pcp_wrapper-830:not(.sps-glossary-layout) .sp-pcp-row,#pcp_wrapper-830 .sps-glossary-items-group .sps-glossary-items-content {margin-right: -10px;margin-left: -10px;}#pcp_wrapper-830 .sp-pcp-row [class*='sp-pcp-col-']{padding-right: 10px;padding-left: 10px; padding-bottom:20px;}.pcp-wrapper-830 .sp-pcp-title a {color: #111;display: inherit;} .pcp-wrapper-830 .sp-pcp-title a:hover {color: #e1624b;}.pcp-wrapper-830 .sp-pcp-post-content{color: #444; }#pcp_wrapper-830 .dots .swiper-pagination-bullet{ background: #cccccc; } #pcp_wrapper-830 .dots .swiper-pagination-bullet-active { background: #D64224; }#pcp_wrapper-830 .pcp-button-prev,#pcp_wrapper-830 .pcp-button-next{ background-image: none; background-size: auto; background-color: #fff; height: 33px; width: 33px; margin-top: 8px; border: 1px solid #aaa; text-align: center; line-height: 30px; -webkit-transition: 0.3s; border-radius: 3px; }#pcp_wrapper-830 .pcp-button-prev:hover, #pcp_wrapper-830 .pcp-button-next:hover{ background-color: #D64224; border-color: #D64224; } #pcp_wrapper-830 .pcp-button-prev .fa, #pcp_wrapper-830 .pcp-button-next .fa { color: #aaa; } #pcp_wrapper-830 .pcp-button-prev:hover .fa, #pcp_wrapper-830 .pcp-button-next:hover .fa { color: #fff; } #pcp_wrapper-830.pcp-carousel-wrapper .sp-pcp-post{ margin-top: 0; }#pcp_wrapper-830 .sp-pcp-post {padding: 0 0 0 0;}#pcp_wrapper-830.sp-slider_layout .sp-pcp-post .sp-pcp-post-details {top: 0; right:0; bottom:0; left:0;}#pcp_wrapper-830 .sp-pcp-post {border: 0px solid #e2e2e2; border-radius: 0px }#pcp_wrapper-830 .sp-pcp-post{background-color: transparent;}#pcp_wrapper-830 .pcp-post-thumb-wrapper{border: 0px solid #dddddd;border-radius:0px;}.pcp-wrapper-830 .sp-pcp-post-meta li,.pcp-wrapper-830 .sp-pcp-post-meta ul,.pcp-wrapper-830 .sp-pcp-post-meta li a{color: #888;}.pcp-wrapper-830 .sp-pcp-post-meta li a:hover{color: #e1624b;}#pcp_wrapper-830 .pcp-readmore-link{ background: transparent; color: #111; border: 1px solid #888; border-radius: 0px; } #pcp_wrapper-830 .pcp-readmore-link:hover { background-color: #e1624b; color: #fff; border-color: #e1624b; }#pcp_wrapper-830 .pcp-post-pagination .page-numbers.current, #pcp_wrapper-830 .pcp-post-pagination a.active , #pcp_wrapper-830 .pcp-post-pagination a:hover{ color: #ffffff; background: #e1624b; border-color: #e1624b; }#pcp_wrapper-830 .pcp-post-pagination .page-numbers, .pcp-post-pagination a{ background: #ffffff; color:#5e5e5e; border: 2px solid #bbbbbb;border-radius: 2px; }#pcp_wrapper-830 .pcp-post-pagination{text-align: left;}@media (min-width: 1200px) {.sp-pcp-row .sp-pcp-col-xl-1 {flex: 0 0 100%;}.sp-pcp-row .sp-pcp-col-xl-2 {flex: 1 1 calc( 50% - 20px);}.sp-pcp-row .sp-pcp-col-xl-3 {flex: 1 1 calc( 33.333% - 20px);}.sp-pcp-row .sp-pcp-col-xl-4 {flex: 1 1 calc( 25% - 20px);}.sp-pcp-row .sp-pcp-col-xl-5 { flex: 1 1 calc( 20% - 20px);}.sp-pcp-row .sp-pcp-col-xl-6 {flex: 1 1 calc( 16.66666666666667% - 20px);}.sp-pcp-row .sp-pcp-col-xl-7 {flex: 1 1 calc( 14.28571428% - 20px);}.sp-pcp-row .sp-pcp-col-xl-8 {flex: 1 1 calc( 12.5% - 20px);}}@media (max-width: 1200px) {.sp-pcp-row .sp-pcp-col-lg-1 {flex: 0 0 100%;}.sp-pcp-row .sp-pcp-col-lg-2 {flex: 1 1 calc( 50% - 20px);}.sp-pcp-row .sp-pcp-col-lg-3 {flex: 1 1 calc( 33.333% - 20px);}.sp-pcp-row .sp-pcp-col-lg-4 {flex: 1 1 calc( 25% - 20px);}.sp-pcp-row .sp-pcp-col-lg-5 { flex: 1 1 calc( 20% - 20px);}.sp-pcp-row .sp-pcp-col-lg-6 {flex: 1 1 calc( 16.66666666666667% - 20px);}.sp-pcp-row .sp-pcp-col-lg-7 {flex: 1 1 calc( 14.28571428% - 20px);}.sp-pcp-row .sp-pcp-col-lg-8 {flex: 1 1 calc( 12.5% - 20px);}}@media (max-width: 992px) {.sp-pcp-row .sp-pcp-col-md-1 {flex: 0 0 100%;}.sp-pcp-row .sp-pcp-col-md-2 {flex: 1 1 calc( 50% - 20px);}.sp-pcp-row .sp-pcp-col-md-2-5 {flex: 0 0 75%;}.sp-pcp-row .sp-pcp-col-md-3 {flex: 1 1 calc( 33.333% - 20px);}.sp-pcp-row .sp-pcp-col-md-4 {flex: 1 1 calc( 25% - 20px);}.sp-pcp-row .sp-pcp-col-md-5 { flex: 1 1 calc( 20% - 20px);}.sp-pcp-row .sp-pcp-col-md-6 {flex: 1 1 calc( 16.66666666666667% - 20px);}.sp-pcp-row .sp-pcp-col-md-7 {flex: 1 1 calc( 14.28571428% - 20px);}.sp-pcp-row .sp-pcp-col-md-8 {flex: 1 1 calc( 12.5% - 20px);}}@media (max-width: 768px) {.sp-pcp-row .sp-pcp-col-sm-1 {flex: 0 0 100%;}.sp-pcp-row .sp-pcp-col-sm-2 {flex: 1 1 calc( 50% - 20px);}.sp-pcp-row .sp-pcp-col-sm-2-5 {flex: 0 0 75%;}.sp-pcp-row .sp-pcp-col-sm-3 {flex: 1 1 calc( 33.333% - 20px);}.sp-pcp-row .sp-pcp-col-sm-4 {flex: 1 1 calc( 25% - 20px);}.sp-pcp-row .sp-pcp-col-sm-5 { flex: 1 1 calc( 20% - 20px);}.sp-pcp-row .sp-pcp-col-sm-6 {flex: 1 1 calc( 16.66666666666667% - 20px);}.sp-pcp-row .sp-pcp-col-sm-7 {flex: 1 1 calc( 14.28571428% - 20px);}.sp-pcp-row .sp-pcp-col-sm-8 {flex: 1 1 calc( 12.5% - 20px);}}@media (max-width: 420px) {.sp-pcp-row .sp-pcp-col-xs-1 {flex: 0 0 100%;}.sp-pcp-row .sp-pcp-col-xs-2 {flex: 1 1 calc( 50% - 20px);}.sp-pcp-row .sp-pcp-col-xs-3 {flex: 1 1 calc( 33.333% - 20px);}.sp-pcp-row .sp-pcp-col-xs-4 {flex: 1 1 calc( 25% - 20px);}.sp-pcp-row .sp-pcp-col-xs-5 { flex: 1 1 calc( 20% - 20px);}.sp-pcp-row .sp-pcp-col-xs-6 {flex: 1 1 calc( 16.66666666666667% - 20px);}.sp-pcp-row .sp-pcp-col-xs-7 {flex: 1 1 calc( 14.28571428% - 20px);}.sp-pcp-row .sp-pcp-col-xs-8 {flex: 1 1 calc( 12.5% - 20px);}}<\/style><!-- Markup Starts -->\n<div id=\"pcp_wrapper-830\" class=\"sp-pcp-section sp-pcp-container pcp-wrapper-830 pcp-carousel-wrapper standard sp-carousel_layout\" data-sid=\"830\">\n\t<div id=\"sp-pcp-id-830\" class=\"swiper-container sp-pcp-carousel top_right\" dir=\"ltr\" data-carousel='{ \"speed\":1000, \"items\":1, \"spaceBetween\":20, \"dynamicBullets\": false, \"navigation\":true, \"pagination\": true, \"autoplay\": true, \"autoplay_speed\": 1500, \"loop\": true, \"autoHeight\": false, \"lazy\":  true, \"simulateTouch\": true, \"freeMode\": false, \"slider_mouse_wheel\": false,\"allowTouchMove\": true, \"slidesPerView\": {\"lg_desktop\": 1, \"desktop\": 1, \"tablet\": 1, \"mobile_landscape\": 1, \"mobile\": 1}, \"navigation_mobile\": true, \"pagination_mobile\": true, \"stop_onHover\": true, \"enabled\": true, \"prevSlideMessage\": \"Previous slide\", \"nextSlideMessage\": \"Next slide\", \"firstSlideMessage\": \"This is the first slide\", \"lastSlideMessage\": \"This is the last slide\", \"keyboard\": \"true\", \"paginationBulletMessage\": \"Go to slide {{index}}\" }'>\n\t\t\t<div class=\"swiper-wrapper\">\n\t\t\t\t\t\t<div class=\" swiper-slide swiper-lazy\">\n\t\t\t<div class=\"sp-pcp-post default pcp-item-1778\" data-id=\"1778\">\n\t\t\t\t\t\t\t\t<div class=\"pcp-post-thumb-wrapper\">\n\t\t\t\t\t<div class=\"sp-pcp-post-thumb-area\">\n\t\t\t\t\t\t\t\t\t\t\t\t<a class=\"sp-pcp-thumb\" href=\"https:\/\/victorwetzel.fr\/?p=1778\" target=\"_self\" >\n\t\t\t\t\t\t\t\t\t\t\t\t\t<img loading=\"lazy\" decoding=\"async\" src=\"https:\/\/victorwetzel.fr\/wp-content\/uploads\/2025\/05\/Memoires-hyperboreennes-cover2.jpg\" width=\"2083\" height=\"2083\" alt=\"\">\n\t\t\t\t\t\t<\/a>\n\t\t\t\t\t<\/div>\n\t\t\t\t<\/div>\n\t\t\t\t\t\t\t\t<div class=\"sp-pcp-post-details\">\n\t\t\t\t\t<div class=\"sp-pcp-post-details-content\">\n\t\t\t\t\t\t\t\t<h2 class=\"sp-pcp-title\">\n\t\t\t\t\t\t\t\t\t<a href=\"https:\/\/victorwetzel.fr\/?p=1778\"  target=\"_self\">M\u00e9moires Hyperbor\u00e9ennes<\/a>\t\t\t\t\t\t\t<\/h2>\n\t\t\t\t\t\t<div class=\"sp-pcp-post-meta\">\n\t\t\t<ul><li>\t\t\t\t\t<i class=\"fa fa-user\"><\/i>\n\t\t\t\t\t<a href=\"https:\/\/victorwetzel.fr\/?author=1\"\n\t\t\t\t\t\trel=\"author\">victor.wetzel@protonmail.com<\/a>\n\t\t\t\t\t<\/li> <li>\t\t\t\t\t<i class=\"fa fa-calendar\"><\/i>\n\t\t\t\t\t<time class=\"entry-date published updated\">2025-05-26<\/time>\n\t\t\t\t\t<\/li><\/ul>\t\t<\/div>\n\t\t\t\t\t<div class=\"sp-pcp-post-content\">\n\t\t\t<p>Pi\u00e8ce st\u00e9r\u00e9ophonique. Dur\u00e9e&nbsp;: 10 min 42 sec. Commande de la compagnie Motus pour l\u2019\u00e9dition 2024 du festival Futura. Aux confins septentrionaux du monde se trouve un paradis sur terre&nbsp;: l\u2019\u00eele d\u2019Hyperbor\u00e9e. Le soleil y brille toute l\u2019ann\u00e9e, les habitants ignorent tout de la faim et de la maladie, et on n\u2019y meurt que par sati\u00e9t\u00e9 [&hellip;]<\/p>\n\t\t<div class=\"sp-pcp-readmore\">\n\t\t\t\t\t\t\t<a class=\"pcp-readmore-link\" target=\"_self\" href=\"https:\/\/victorwetzel.fr\/?p=1778\" >\n\t\t\t\t\t\tEn savoir plus <\/a>\n\t\t<\/div>\n\t\t\t\t\t<\/div>\n\t\t\t\t\t\t\t\t<\/div>\n\t\t\t\t<\/div>\n\t\t\t<\/div>\n\t\t<\/div>\n\t\t\t\t<div class=\" swiper-slide swiper-lazy\">\n\t\t\t<div class=\"sp-pcp-post default pcp-item-1320\" data-id=\"1320\">\n\t\t\t\t\t\t\t\t<div class=\"pcp-post-thumb-wrapper\">\n\t\t\t\t\t<div class=\"sp-pcp-post-thumb-area\">\n\t\t\t\t\t\t\t\t\t\t\t\t<a class=\"sp-pcp-thumb\" href=\"https:\/\/victorwetzel.fr\/?p=1320\" target=\"_self\" >\n\t\t\t\t\t\t\t\t\t\t\t\t\t<img loading=\"lazy\" decoding=\"async\" src=\"https:\/\/victorwetzel.fr\/wp-content\/uploads\/2024\/04\/illu-college-mozart.jpg\" width=\"1125\" height=\"844\" alt=\"\">\n\t\t\t\t\t\t<\/a>\n\t\t\t\t\t<\/div>\n\t\t\t\t<\/div>\n\t\t\t\t\t\t\t\t<div class=\"sp-pcp-post-details\">\n\t\t\t\t\t<div class=\"sp-pcp-post-details-content\">\n\t\t\t\t\t\t\t\t<h2 class=\"sp-pcp-title\">\n\t\t\t\t\t\t\t\t\t<a href=\"https:\/\/victorwetzel.fr\/?p=1320\"  target=\"_self\">Jeux : petite symphonie olympique<\/a>\t\t\t\t\t\t\t<\/h2>\n\t\t\t\t\t\t<div class=\"sp-pcp-post-meta\">\n\t\t\t<ul><li>\t\t\t\t\t<i class=\"fa fa-user\"><\/i>\n\t\t\t\t\t<a href=\"https:\/\/victorwetzel.fr\/?author=1\"\n\t\t\t\t\t\trel=\"author\">victor.wetzel@protonmail.com<\/a>\n\t\t\t\t\t<\/li> <li>\t\t\t\t\t<i class=\"fa fa-calendar\"><\/i>\n\t\t\t\t\t<time class=\"entry-date published updated\">2024-04-15<\/time>\n\t\t\t\t\t<\/li><\/ul>\t\t<\/div>\n\t\t\t\t\t<div class=\"sp-pcp-post-content\">\n\t\t\t<p>Page d\u00e9di\u00e9e sur le site de l&rsquo;Orchestre de chambre de Paris. Un projet p\u00e9dagogique men\u00e9 avec les 5e A du coll\u00e8ge Mozart \u00e0 Paris et l&rsquo;Orchestre de chambre de Paris. L&rsquo;\u00e9quipe encadrante \u00e9tait compos\u00e9e de Paola Alvil\u00e8s (compositrice), Paul Ramage (compositeur) et moi-m\u00eame ; \u00c9tienne C\u00f4me, enseignant de musique ; Stephie Souppaya (alto), Guillaume Pierlot [&hellip;]<\/p>\n\t\t<div class=\"sp-pcp-readmore\">\n\t\t\t\t\t\t\t<a class=\"pcp-readmore-link\" target=\"_self\" href=\"https:\/\/victorwetzel.fr\/?p=1320\" >\n\t\t\t\t\t\tEn savoir plus <\/a>\n\t\t<\/div>\n\t\t\t\t\t<\/div>\n\t\t\t\t\t\t\t\t<\/div>\n\t\t\t\t<\/div>\n\t\t\t<\/div>\n\t\t<\/div>\n\t\t\t\t<div class=\" swiper-slide swiper-lazy\">\n\t\t\t<div class=\"sp-pcp-post default pcp-item-1316\" data-id=\"1316\">\n\t\t\t\t\t\t\t\t<div class=\"pcp-post-thumb-wrapper\">\n\t\t\t\t\t<div class=\"sp-pcp-post-thumb-area\">\n\t\t\t\t\t\t\t\t\t\t\t\t<a class=\"sp-pcp-thumb\" href=\"https:\/\/victorwetzel.fr\/?p=1316\" target=\"_self\" >\n\t\t\t\t\t\t\t\t\t\t\t\t\t<img loading=\"lazy\" decoding=\"async\" src=\"https:\/\/victorwetzel.fr\/wp-content\/uploads\/2024\/04\/Miroirs-cover.jpg\" width=\"1400\" height=\"1400\" alt=\"\">\n\t\t\t\t\t\t<\/a>\n\t\t\t\t\t<\/div>\n\t\t\t\t<\/div>\n\t\t\t\t\t\t\t\t<div class=\"sp-pcp-post-details\">\n\t\t\t\t\t<div class=\"sp-pcp-post-details-content\">\n\t\t\t\t\t\t\t\t<h2 class=\"sp-pcp-title\">\n\t\t\t\t\t\t\t\t\t<a href=\"https:\/\/victorwetzel.fr\/?p=1316\"  target=\"_self\">Miroirs<\/a>\t\t\t\t\t\t\t<\/h2>\n\t\t\t\t\t\t<div class=\"sp-pcp-post-meta\">\n\t\t\t<ul><li>\t\t\t\t\t<i class=\"fa fa-user\"><\/i>\n\t\t\t\t\t<a href=\"https:\/\/victorwetzel.fr\/?author=1\"\n\t\t\t\t\t\trel=\"author\">victor.wetzel@protonmail.com<\/a>\n\t\t\t\t\t<\/li> <li>\t\t\t\t\t<i class=\"fa fa-calendar\"><\/i>\n\t\t\t\t\t<time class=\"entry-date published updated\">2024-04-15<\/time>\n\t\t\t\t\t<\/li><\/ul>\t\t<\/div>\n\t\t\t\t\t<div class=\"sp-pcp-post-content\">\n\t\t\t<p>Pi\u00e8ce st\u00e9r\u00e9ophonique. Dur\u00e9e&nbsp;: 17 minutes &nbsp;&nbsp;&nbsp;&nbsp;&nbsp;&nbsp;&nbsp;&nbsp;&nbsp;&nbsp;&nbsp; Le miroir nous ram\u00e8ne \u00e0 nous. Entre lui et nous s\u2019op\u00e8re un aller-retour, une r\u00e9flexion, un repliement de notre regard sur lui-m\u00eame. Les situations v\u00e9cues s\u2019int\u00e9riorisent, infusent, se fixent dans notre m\u00e9moire, dans notre corps, se d\u00e9multiplient par le prisme de cette r\u00e9flexion. Cette interaction avec le miroir, d\u2019une [&hellip;]<\/p>\n\t\t<div class=\"sp-pcp-readmore\">\n\t\t\t\t\t\t\t<a class=\"pcp-readmore-link\" target=\"_self\" href=\"https:\/\/victorwetzel.fr\/?p=1316\" >\n\t\t\t\t\t\tEn savoir plus <\/a>\n\t\t<\/div>\n\t\t\t\t\t<\/div>\n\t\t\t\t\t\t\t\t<\/div>\n\t\t\t\t<\/div>\n\t\t\t<\/div>\n\t\t<\/div>\n\t\t\t\t<div class=\" swiper-slide swiper-lazy\">\n\t\t\t<div class=\"sp-pcp-post default pcp-item-1103\" data-id=\"1103\">\n\t\t\t\t\t\t\t\t<div class=\"pcp-post-thumb-wrapper\">\n\t\t\t\t\t<div class=\"sp-pcp-post-thumb-area\">\n\t\t\t\t\t\t\t\t\t\t\t\t<a class=\"sp-pcp-thumb\" href=\"https:\/\/victorwetzel.fr\/?p=1103\" target=\"_self\" >\n\t\t\t\t\t\t\t\t\t\t\t\t\t<img loading=\"lazy\" decoding=\"async\" src=\"https:\/\/victorwetzel.fr\/wp-content\/uploads\/2023\/08\/IMG20230602111616.jpg\" width=\"1200\" height=\"1600\" alt=\"\">\n\t\t\t\t\t\t<\/a>\n\t\t\t\t\t<\/div>\n\t\t\t\t<\/div>\n\t\t\t\t\t\t\t\t<div class=\"sp-pcp-post-details\">\n\t\t\t\t\t<div class=\"sp-pcp-post-details-content\">\n\t\t\t\t\t\t\t\t<h2 class=\"sp-pcp-title\">\n\t\t\t\t\t\t\t\t\t<a href=\"https:\/\/victorwetzel.fr\/?p=1103\"  target=\"_self\">Atelier d\u00e9couvert \u00ab\u00a0Histoire des musiques \u00e9lectroacoustiques\u00a0\u00bb<\/a>\t\t\t\t\t\t\t<\/h2>\n\t\t\t\t\t\t<div class=\"sp-pcp-post-meta\">\n\t\t\t<ul><li>\t\t\t\t\t<i class=\"fa fa-user\"><\/i>\n\t\t\t\t\t<a href=\"https:\/\/victorwetzel.fr\/?author=1\"\n\t\t\t\t\t\trel=\"author\">victor.wetzel@protonmail.com<\/a>\n\t\t\t\t\t<\/li> <li>\t\t\t\t\t<i class=\"fa fa-calendar\"><\/i>\n\t\t\t\t\t<time class=\"entry-date published updated\">2023-08-03<\/time>\n\t\t\t\t\t<\/li><\/ul>\t\t<\/div>\n\t\t\t\t\t<div class=\"sp-pcp-post-content\">\n\t\t\t<p>Cet atelier a \u00e9t\u00e9 men\u00e9 \u00e0 la m\u00e9diath\u00e8que ludoth\u00e8que de Sucy-en-Brie le 2 juin 2023. Le but \u00e9tait, en une heure, d&rsquo;\u00e9veiller les \u00e9l\u00e8ves des classes SEGPA de 5\u00e8me et 4\u00e8me \u00e0 l&rsquo;\u00e9mergence des pratiques et musiques \u00e9lectroacoustiques. Au programme, d\u00e9couverte des instruments du mouvement italien bruitiste, des premiers instruments \u00e9lectroacoustiques, et beaucoup d&rsquo;extraits de [&hellip;]<\/p>\n\t\t<div class=\"sp-pcp-readmore\">\n\t\t\t\t\t\t\t<a class=\"pcp-readmore-link\" target=\"_self\" href=\"https:\/\/victorwetzel.fr\/?p=1103\" >\n\t\t\t\t\t\tEn savoir plus <\/a>\n\t\t<\/div>\n\t\t\t\t\t<\/div>\n\t\t\t\t\t\t\t\t<\/div>\n\t\t\t\t<\/div>\n\t\t\t<\/div>\n\t\t<\/div>\n\t\t\t\t<div class=\" swiper-slide swiper-lazy\">\n\t\t\t<div class=\"sp-pcp-post default pcp-item-1095\" data-id=\"1095\">\n\t\t\t\t\t\t\t\t<div class=\"pcp-post-thumb-wrapper\">\n\t\t\t\t\t<div class=\"sp-pcp-post-thumb-area\">\n\t\t\t\t\t\t\t\t\t\t\t\t<a class=\"sp-pcp-thumb\" href=\"https:\/\/victorwetzel.fr\/?p=1095\" target=\"_self\" >\n\t\t\t\t\t\t\t\t\t\t\t\t\t<img loading=\"lazy\" decoding=\"async\" src=\"https:\/\/victorwetzel.fr\/wp-content\/uploads\/2023\/08\/Screenshot-2023-08-03-at-11.48.29.png\" width=\"1500\" height=\"714\" alt=\"\">\n\t\t\t\t\t\t<\/a>\n\t\t\t\t\t<\/div>\n\t\t\t\t<\/div>\n\t\t\t\t\t\t\t\t<div class=\"sp-pcp-post-details\">\n\t\t\t\t\t<div class=\"sp-pcp-post-details-content\">\n\t\t\t\t\t\t\t\t<h2 class=\"sp-pcp-title\">\n\t\t\t\t\t\t\t\t\t<a href=\"https:\/\/victorwetzel.fr\/?p=1095\"  target=\"_self\">Sinfonia Villette<\/a>\t\t\t\t\t\t\t<\/h2>\n\t\t\t\t\t\t<div class=\"sp-pcp-post-meta\">\n\t\t\t<ul><li>\t\t\t\t\t<i class=\"fa fa-user\"><\/i>\n\t\t\t\t\t<a href=\"https:\/\/victorwetzel.fr\/?author=1\"\n\t\t\t\t\t\trel=\"author\">victor.wetzel@protonmail.com<\/a>\n\t\t\t\t\t<\/li> <li>\t\t\t\t\t<i class=\"fa fa-calendar\"><\/i>\n\t\t\t\t\t<time class=\"entry-date published updated\">2023-08-03<\/time>\n\t\t\t\t\t<\/li><\/ul>\t\t<\/div>\n\t\t\t\t\t<div class=\"sp-pcp-post-content\">\n\t\t\t<p>Pour la troisi\u00e8me ann\u00e9e cons\u00e9cutive, l\u2019Orchestre de chambre de Paris propose \u00e0 un compositeur d\u2019imaginer un parcours de cr\u00e9ation musicale avec les \u00e9l\u00e8ves d\u2019une classe de 5\u00e8me du coll\u00e8ge Mozart. L\u2019occasion pour les jeunes de se familiariser avec l\u2019univers de la cr\u00e9ation contemporaine et de prendre part \u00e0 l\u2019\u00e9criture d\u2019une \u0153uvre collective. Cette ann\u00e9e, les [&hellip;]<\/p>\n\t\t<div class=\"sp-pcp-readmore\">\n\t\t\t\t\t\t\t<a class=\"pcp-readmore-link\" target=\"_self\" href=\"https:\/\/victorwetzel.fr\/?p=1095\" >\n\t\t\t\t\t\tEn savoir plus <\/a>\n\t\t<\/div>\n\t\t\t\t\t<\/div>\n\t\t\t\t\t\t\t\t<\/div>\n\t\t\t\t<\/div>\n\t\t\t<\/div>\n\t\t<\/div>\n\t\t\t\t\t<\/div>\n\t\t\t\t\t\t<div class=\"pcp-pagination swiper-pagination dots\"><\/div>\n\t\t\t\t\t\t\t\t\t\t<div class=\"pcp-button-next swiper-button-next top_right\"><i class=\"fa fa-angle-right\"><\/i><\/div>\n\t\t\t\t<div class=\"pcp-button-prev swiper-button-prev top_right\"><i class=\"fa fa-angle-left\"><\/i><\/div>\t<\/div>\n<\/div>\n\n","protected":false},"excerpt":{"rendered":"<p>Victor Wetzel Compositeur, enseignant et chanteur Actualit\u00e9s 2 avril : concert Radeau des Cimes \u00e0 la m\u00e9diath\u00e8que de Vitry 13 avril : restitution du projet R\u00e9sonances fantastiques au lyc\u00e9e Honor\u00e9 de Balzac (Mitry-Mory) 30 mai : choriste sur le Requiem de Verdi avec le Staatskapellen de Dresde (dir. Daniele Gati) 18 juin : restitution du [&hellip;]<\/p>\n","protected":false},"author":1,"featured_media":0,"parent":0,"menu_order":0,"comment_status":"closed","ping_status":"closed","template":"","meta":{"material-hide-sections":[],"footnotes":""},"class_list":["post-576","page","type-page","status-publish","hentry"],"aioseo_notices":[],"jetpack_sharing_enabled":true,"_links":{"self":[{"href":"https:\/\/victorwetzel.fr\/index.php?rest_route=\/wp\/v2\/pages\/576","targetHints":{"allow":["GET"]}}],"collection":[{"href":"https:\/\/victorwetzel.fr\/index.php?rest_route=\/wp\/v2\/pages"}],"about":[{"href":"https:\/\/victorwetzel.fr\/index.php?rest_route=\/wp\/v2\/types\/page"}],"author":[{"embeddable":true,"href":"https:\/\/victorwetzel.fr\/index.php?rest_route=\/wp\/v2\/users\/1"}],"replies":[{"embeddable":true,"href":"https:\/\/victorwetzel.fr\/index.php?rest_route=%2Fwp%2Fv2%2Fcomments&post=576"}],"version-history":[{"count":29,"href":"https:\/\/victorwetzel.fr\/index.php?rest_route=\/wp\/v2\/pages\/576\/revisions"}],"predecessor-version":[{"id":2158,"href":"https:\/\/victorwetzel.fr\/index.php?rest_route=\/wp\/v2\/pages\/576\/revisions\/2158"}],"wp:attachment":[{"href":"https:\/\/victorwetzel.fr\/index.php?rest_route=%2Fwp%2Fv2%2Fmedia&parent=576"}],"curies":[{"name":"wp","href":"https:\/\/api.w.org\/{rel}","templated":true}]}}