{"id":855,"date":"2022-05-12T10:19:28","date_gmt":"2022-05-12T10:19:28","guid":{"rendered":"https:\/\/victorwetzel.fr\/?page_id=855"},"modified":"2023-12-29T19:07:15","modified_gmt":"2023-12-29T19:07:15","slug":"projets-solo","status":"publish","type":"page","link":"https:\/\/victorwetzel.fr\/?page_id=855","title":{"rendered":"Projets solo"},"content":{"rendered":"<ul class=\"wp-block-latest-posts__list wp-block-latest-posts\"><li><div class=\"wp-block-latest-posts__featured-image alignleft\"><a href=\"https:\/\/victorwetzel.fr\/?p=1778\" aria-label=\"M\u00e9moires Hyperbor\u00e9ennes\"><img loading=\"lazy\" decoding=\"async\" width=\"150\" height=\"150\" src=\"https:\/\/victorwetzel.fr\/wp-content\/uploads\/2025\/05\/Memoires-hyperboreennes-cover2-150x150.jpg\" class=\"attachment-thumbnail size-thumbnail wp-post-image\" alt=\"\" style=\"max-width:150px;max-height:150px;\" srcset=\"https:\/\/victorwetzel.fr\/wp-content\/uploads\/2025\/05\/Memoires-hyperboreennes-cover2-150x150.jpg 150w, https:\/\/victorwetzel.fr\/wp-content\/uploads\/2025\/05\/Memoires-hyperboreennes-cover2-300x300.jpg 300w, https:\/\/victorwetzel.fr\/wp-content\/uploads\/2025\/05\/Memoires-hyperboreennes-cover2-1024x1024.jpg 1024w, https:\/\/victorwetzel.fr\/wp-content\/uploads\/2025\/05\/Memoires-hyperboreennes-cover2-768x768.jpg 768w, https:\/\/victorwetzel.fr\/wp-content\/uploads\/2025\/05\/Memoires-hyperboreennes-cover2-1536x1536.jpg 1536w, https:\/\/victorwetzel.fr\/wp-content\/uploads\/2025\/05\/Memoires-hyperboreennes-cover2-2048x2048.jpg 2048w\" sizes=\"auto, (max-width: 150px) 100vw, 150px\" \/><\/a><\/div><a class=\"wp-block-latest-posts__post-title\" href=\"https:\/\/victorwetzel.fr\/?p=1778\">M\u00e9moires Hyperbor\u00e9ennes<\/a><div class=\"wp-block-latest-posts__post-excerpt\">Pi\u00e8ce st\u00e9r\u00e9ophonique. Dur\u00e9e&nbsp;: 10 min 42 sec. Commande de la compagnie Motus pour l\u2019\u00e9dition 2024 du festival Futura. Aux confins septentrionaux du monde se trouve un paradis sur terre&nbsp;: l\u2019\u00eele d\u2019Hyperbor\u00e9e. Le soleil y brille toute l\u2019ann\u00e9e, les habitants ignorent tout de la faim et de la maladie, et on n\u2019y meurt que par sati\u00e9t\u00e9\u2026 <a class=\"wp-block-latest-posts__read-more\" href=\"https:\/\/victorwetzel.fr\/?p=1778\" rel=\"noopener noreferrer\">Lire la suite<span class=\"screen-reader-text\">\u00a0: M\u00e9moires Hyperbor\u00e9ennes<\/span><\/a><\/div><\/li>\n<li><div class=\"wp-block-latest-posts__featured-image alignleft\"><a href=\"https:\/\/victorwetzel.fr\/?p=1316\" aria-label=\"Miroirs\"><img loading=\"lazy\" decoding=\"async\" width=\"150\" height=\"150\" src=\"https:\/\/victorwetzel.fr\/wp-content\/uploads\/2024\/04\/Miroirs-cover-150x150.jpg\" class=\"attachment-thumbnail size-thumbnail wp-post-image\" alt=\"\" style=\"max-width:150px;max-height:150px;\" srcset=\"https:\/\/victorwetzel.fr\/wp-content\/uploads\/2024\/04\/Miroirs-cover-150x150.jpg 150w, https:\/\/victorwetzel.fr\/wp-content\/uploads\/2024\/04\/Miroirs-cover-300x300.jpg 300w, https:\/\/victorwetzel.fr\/wp-content\/uploads\/2024\/04\/Miroirs-cover-1024x1024.jpg 1024w, https:\/\/victorwetzel.fr\/wp-content\/uploads\/2024\/04\/Miroirs-cover-768x768.jpg 768w, https:\/\/victorwetzel.fr\/wp-content\/uploads\/2024\/04\/Miroirs-cover.jpg 1400w\" sizes=\"auto, (max-width: 150px) 100vw, 150px\" \/><\/a><\/div><a class=\"wp-block-latest-posts__post-title\" href=\"https:\/\/victorwetzel.fr\/?p=1316\">Miroirs<\/a><div class=\"wp-block-latest-posts__post-excerpt\">Pi\u00e8ce st\u00e9r\u00e9ophonique. Dur\u00e9e&nbsp;: 17 minutes &nbsp;&nbsp;&nbsp;&nbsp;&nbsp;&nbsp;&nbsp;&nbsp;&nbsp;&nbsp;&nbsp; Le miroir nous ram\u00e8ne \u00e0 nous. Entre lui et nous s\u2019op\u00e8re un aller-retour, une r\u00e9flexion, un repliement de notre regard sur lui-m\u00eame. Les situations v\u00e9cues s\u2019int\u00e9riorisent, infusent, se fixent dans notre m\u00e9moire, dans notre corps, se d\u00e9multiplient par le prisme de cette r\u00e9flexion. Cette interaction avec le miroir, d\u2019une\u2026 <a class=\"wp-block-latest-posts__read-more\" href=\"https:\/\/victorwetzel.fr\/?p=1316\" rel=\"noopener noreferrer\">Lire la suite<span class=\"screen-reader-text\">\u00a0: Miroirs<\/span><\/a><\/div><\/li>\n<li><div class=\"wp-block-latest-posts__featured-image alignleft\"><a href=\"https:\/\/victorwetzel.fr\/?p=1083\" aria-label=\"D\u00e9dale, petite suite du souvenir\"><img loading=\"lazy\" decoding=\"async\" width=\"150\" height=\"150\" src=\"https:\/\/victorwetzel.fr\/wp-content\/uploads\/2023\/08\/SD_Dedale-ou-la-petite-suite-du-souvenir-version-courte-150x150.jpg\" class=\"attachment-thumbnail size-thumbnail wp-post-image\" alt=\"\" style=\"max-width:150px;max-height:150px;\" srcset=\"https:\/\/victorwetzel.fr\/wp-content\/uploads\/2023\/08\/SD_Dedale-ou-la-petite-suite-du-souvenir-version-courte-150x150.jpg 150w, https:\/\/victorwetzel.fr\/wp-content\/uploads\/2023\/08\/SD_Dedale-ou-la-petite-suite-du-souvenir-version-courte-300x300.jpg 300w, https:\/\/victorwetzel.fr\/wp-content\/uploads\/2023\/08\/SD_Dedale-ou-la-petite-suite-du-souvenir-version-courte-768x768.jpg 768w, https:\/\/victorwetzel.fr\/wp-content\/uploads\/2023\/08\/SD_Dedale-ou-la-petite-suite-du-souvenir-version-courte.jpg 1000w\" sizes=\"auto, (max-width: 150px) 100vw, 150px\" \/><\/a><\/div><a class=\"wp-block-latest-posts__post-title\" href=\"https:\/\/victorwetzel.fr\/?p=1083\">D\u00e9dale, petite suite du souvenir<\/a><div class=\"wp-block-latest-posts__post-excerpt\">Pi\u00e8ce st\u00e9r\u00e9ophonique en&nbsp;huit mouvements. Dur\u00e9e&nbsp;: 35 minutes et 33 secondes. Cr\u00e9ation mondiale sur l\u2019acousmonium Motus le 1er juillet 2023 Devant le miroir sans reflet de la m\u00e9moire, l\u2019esprit se cristallise sur des vestiges m\u00e9moriels, s\u2019accroche comme des coquillages \u00e0 une \u00e9pave. On poursuit les sillages laiss\u00e9s par le subconscient, esp\u00e9rant r\u00e9cup\u00e9rer une information perdue. On\u2026 <a class=\"wp-block-latest-posts__read-more\" href=\"https:\/\/victorwetzel.fr\/?p=1083\" rel=\"noopener noreferrer\">Lire la suite<span class=\"screen-reader-text\">\u00a0: D\u00e9dale, petite suite du souvenir<\/span><\/a><\/div><\/li>\n<li><div class=\"wp-block-latest-posts__featured-image alignleft\"><a href=\"https:\/\/victorwetzel.fr\/?p=997\" aria-label=\"Quatre \u00e9tudes de lumi\u00e8re\"><img loading=\"lazy\" decoding=\"async\" width=\"150\" height=\"150\" src=\"https:\/\/victorwetzel.fr\/wp-content\/uploads\/2022\/09\/Cover_quatre-etudes-de-lumiere-150x150.png\" class=\"attachment-thumbnail size-thumbnail wp-post-image\" alt=\"\" style=\"max-width:150px;max-height:150px;\" srcset=\"https:\/\/victorwetzel.fr\/wp-content\/uploads\/2022\/09\/Cover_quatre-etudes-de-lumiere-150x150.png 150w, https:\/\/victorwetzel.fr\/wp-content\/uploads\/2022\/09\/Cover_quatre-etudes-de-lumiere-300x300.png 300w, https:\/\/victorwetzel.fr\/wp-content\/uploads\/2022\/09\/Cover_quatre-etudes-de-lumiere-1024x1024.png 1024w, https:\/\/victorwetzel.fr\/wp-content\/uploads\/2022\/09\/Cover_quatre-etudes-de-lumiere-768x768.png 768w, https:\/\/victorwetzel.fr\/wp-content\/uploads\/2022\/09\/Cover_quatre-etudes-de-lumiere.png 1400w\" sizes=\"auto, (max-width: 150px) 100vw, 150px\" \/><\/a><\/div><a class=\"wp-block-latest-posts__post-title\" href=\"https:\/\/victorwetzel.fr\/?p=997\">Quatre \u00e9tudes de lumi\u00e8re<\/a><div class=\"wp-block-latest-posts__post-excerpt\">Pi\u00e8ce st\u00e9r\u00e9ophonique. Dur\u00e9e totale&nbsp;: 41 minutes 27 secondes. Coruscations (11 min 7 s) Satelles (7 min 18 s) Diaprismes (6 min 14 s) Interlude (1 min 03 s) Kosmios (15 min 42 s) Quatre \u00e9tudes de lumi\u00e8re explore la nature polymorphique de la lumi\u00e8re au travers de quatre mouvements et un interlude. L\u2019\u0153uvre s\u2019articule autour\u2026 <a class=\"wp-block-latest-posts__read-more\" href=\"https:\/\/victorwetzel.fr\/?p=997\" rel=\"noopener noreferrer\">Lire la suite<span class=\"screen-reader-text\">\u00a0: Quatre \u00e9tudes de lumi\u00e8re<\/span><\/a><\/div><\/li>\n<li><div class=\"wp-block-latest-posts__featured-image alignleft\"><a href=\"https:\/\/victorwetzel.fr\/?p=984\" aria-label=\"Soleil #28\"><img loading=\"lazy\" decoding=\"async\" width=\"150\" height=\"150\" src=\"https:\/\/victorwetzel.fr\/wp-content\/uploads\/2022\/09\/cover_soleil28-150x150.png\" class=\"attachment-thumbnail size-thumbnail wp-post-image\" alt=\"\" style=\"max-width:150px;max-height:150px;\" srcset=\"https:\/\/victorwetzel.fr\/wp-content\/uploads\/2022\/09\/cover_soleil28-150x150.png 150w, https:\/\/victorwetzel.fr\/wp-content\/uploads\/2022\/09\/cover_soleil28-300x300.png 300w, https:\/\/victorwetzel.fr\/wp-content\/uploads\/2022\/09\/cover_soleil28-1024x1024.png 1024w, https:\/\/victorwetzel.fr\/wp-content\/uploads\/2022\/09\/cover_soleil28-768x768.png 768w, https:\/\/victorwetzel.fr\/wp-content\/uploads\/2022\/09\/cover_soleil28-1536x1536.png 1536w, https:\/\/victorwetzel.fr\/wp-content\/uploads\/2022\/09\/cover_soleil28.png 1584w\" sizes=\"auto, (max-width: 150px) 100vw, 150px\" \/><\/a><\/div><a class=\"wp-block-latest-posts__post-title\" href=\"https:\/\/victorwetzel.fr\/?p=984\">Soleil #28<\/a><div class=\"wp-block-latest-posts__post-excerpt\">Miniature st\u00e9r\u00e9ophonique. Dur\u00e9e : 3 minutes. Cr\u00e9\u00e9 le 24 ao\u00fbt 2022 au Festival Futura (Crest, France). Une plan\u00e8te s\u2019avance sur une orbite instable autour du soleil 28. \u00c0 chaque r\u00e9volution, elle s\u2019en approche davantage et de plus en plus vite. Tant\u00f4t expos\u00e9e \u00e0 la fournaise, tant\u00f4t au froid intersid\u00e9ral, elle traverse inlassablement la ceinture d\u2019ast\u00e9ro\u00efdes\u2026 <a class=\"wp-block-latest-posts__read-more\" href=\"https:\/\/victorwetzel.fr\/?p=984\" rel=\"noopener noreferrer\">Lire la suite<span class=\"screen-reader-text\">\u00a0: Soleil #28<\/span><\/a><\/div><\/li>\n<li><div class=\"wp-block-latest-posts__featured-image alignleft\"><a href=\"https:\/\/victorwetzel.fr\/?p=834\" aria-label=\"Les Murmurations du prisme\"><img loading=\"lazy\" decoding=\"async\" width=\"150\" height=\"150\" src=\"https:\/\/victorwetzel.fr\/wp-content\/uploads\/2022\/05\/SD_Les_murmurations_du_prisme-150x150.jpg\" class=\"attachment-thumbnail size-thumbnail wp-post-image\" alt=\"\" style=\"max-width:150px;max-height:150px;\" srcset=\"https:\/\/victorwetzel.fr\/wp-content\/uploads\/2022\/05\/SD_Les_murmurations_du_prisme-150x150.jpg 150w, https:\/\/victorwetzel.fr\/wp-content\/uploads\/2022\/05\/SD_Les_murmurations_du_prisme-300x300.jpg 300w, https:\/\/victorwetzel.fr\/wp-content\/uploads\/2022\/05\/SD_Les_murmurations_du_prisme.jpg 750w\" sizes=\"auto, (max-width: 150px) 100vw, 150px\" \/><\/a><\/div><a class=\"wp-block-latest-posts__post-title\" href=\"https:\/\/victorwetzel.fr\/?p=834\">Les Murmurations du prisme<\/a><div class=\"wp-block-latest-posts__post-excerpt\">Vie et mort d&rsquo;une fractale: sa naissance, la travers\u00e9e de son \u00e9co-syst\u00e8me, et son effondrement.<\/div><\/li>\n<li><div class=\"wp-block-latest-posts__featured-image alignleft\"><a href=\"https:\/\/victorwetzel.fr\/?p=901\" aria-label=\"L&rsquo;Exode des songes\"><img loading=\"lazy\" decoding=\"async\" width=\"150\" height=\"150\" src=\"https:\/\/victorwetzel.fr\/wp-content\/uploads\/2018\/11\/cover-150x150.jpg\" class=\"attachment-thumbnail size-thumbnail wp-post-image\" alt=\"\" style=\"max-width:150px;max-height:150px;\" srcset=\"https:\/\/victorwetzel.fr\/wp-content\/uploads\/2018\/11\/cover-150x150.jpg 150w, https:\/\/victorwetzel.fr\/wp-content\/uploads\/2018\/11\/cover-300x300.jpg 300w, https:\/\/victorwetzel.fr\/wp-content\/uploads\/2018\/11\/cover.jpg 700w\" sizes=\"auto, (max-width: 150px) 100vw, 150px\" \/><\/a><\/div><a class=\"wp-block-latest-posts__post-title\" href=\"https:\/\/victorwetzel.fr\/?p=901\">L&rsquo;Exode des songes<\/a><div class=\"wp-block-latest-posts__post-excerpt\">\u00ab\u00a0Quand on est au fond de la nuit, on ne peut pas arr\u00eater la nuit\u2026 il fait sombre\u2026 trop sombre\u2026 il n&rsquo;y a pas moyen d&rsquo;en sortir, ni de savoir quoi faire.\u00a0\u00bb<\/div><\/li>\n<\/ul>","protected":false},"excerpt":{"rendered":"","protected":false},"author":1,"featured_media":0,"parent":790,"menu_order":0,"comment_status":"closed","ping_status":"closed","template":"","meta":{"material-hide-sections":[],"footnotes":""},"class_list":["post-855","page","type-page","status-publish","hentry"],"aioseo_notices":[],"jetpack_sharing_enabled":true,"_links":{"self":[{"href":"https:\/\/victorwetzel.fr\/index.php?rest_route=\/wp\/v2\/pages\/855","targetHints":{"allow":["GET"]}}],"collection":[{"href":"https:\/\/victorwetzel.fr\/index.php?rest_route=\/wp\/v2\/pages"}],"about":[{"href":"https:\/\/victorwetzel.fr\/index.php?rest_route=\/wp\/v2\/types\/page"}],"author":[{"embeddable":true,"href":"https:\/\/victorwetzel.fr\/index.php?rest_route=\/wp\/v2\/users\/1"}],"replies":[{"embeddable":true,"href":"https:\/\/victorwetzel.fr\/index.php?rest_route=%2Fwp%2Fv2%2Fcomments&post=855"}],"version-history":[{"count":5,"href":"https:\/\/victorwetzel.fr\/index.php?rest_route=\/wp\/v2\/pages\/855\/revisions"}],"predecessor-version":[{"id":876,"href":"https:\/\/victorwetzel.fr\/index.php?rest_route=\/wp\/v2\/pages\/855\/revisions\/876"}],"up":[{"embeddable":true,"href":"https:\/\/victorwetzel.fr\/index.php?rest_route=\/wp\/v2\/pages\/790"}],"wp:attachment":[{"href":"https:\/\/victorwetzel.fr\/index.php?rest_route=%2Fwp%2Fv2%2Fmedia&parent=855"}],"curies":[{"name":"wp","href":"https:\/\/api.w.org\/{rel}","templated":true}]}}