{"id":858,"date":"2022-05-12T10:21:08","date_gmt":"2022-05-12T10:21:08","guid":{"rendered":"https:\/\/victorwetzel.fr\/?page_id=858"},"modified":"2023-12-29T19:07:15","modified_gmt":"2023-12-29T19:07:15","slug":"musique-a-limage","status":"publish","type":"page","link":"https:\/\/victorwetzel.fr\/?page_id=858","title":{"rendered":"Musique \u00e0 l&rsquo;image"},"content":{"rendered":"<ul class=\"wp-block-latest-posts__list wp-block-latest-posts\"><li><div class=\"wp-block-latest-posts__featured-image alignleft\"><a href=\"https:\/\/victorwetzel.fr\/?p=1003\" aria-label=\"\u00c9rosion m\u200b\u00e9\u200bmorielle\"><img loading=\"lazy\" decoding=\"async\" width=\"150\" height=\"150\" src=\"https:\/\/victorwetzel.fr\/wp-content\/uploads\/2022\/09\/cover-SD-erosion-memorielle-150x150.jpg\" class=\"attachment-thumbnail size-thumbnail wp-post-image\" alt=\"\" style=\"max-width:150px;max-height:150px;\" srcset=\"https:\/\/victorwetzel.fr\/wp-content\/uploads\/2022\/09\/cover-SD-erosion-memorielle-150x150.jpg 150w, https:\/\/victorwetzel.fr\/wp-content\/uploads\/2022\/09\/cover-SD-erosion-memorielle-300x300.jpg 300w, https:\/\/victorwetzel.fr\/wp-content\/uploads\/2022\/09\/cover-SD-erosion-memorielle-768x768.jpg 768w, https:\/\/victorwetzel.fr\/wp-content\/uploads\/2022\/09\/cover-SD-erosion-memorielle.jpg 1000w\" sizes=\"auto, (max-width: 150px) 100vw, 150px\" \/><\/a><\/div><a class=\"wp-block-latest-posts__post-title\" href=\"https:\/\/victorwetzel.fr\/?p=1003\">\u00c9rosion m\u200b\u00e9\u200bmorielle<\/a><div class=\"wp-block-latest-posts__post-excerpt\">Pi\u00e8ce st\u00e9r\u00e9ophonique (2022). Dur\u00e9e : 5 minutes 38 secondes. Avec le temps, les souvenirs s\u2019\u00e9rodent, s\u2019\u00e9miettent, se d\u00e9forment, se fragmentent. Ainsi, la trace du souvenir finit par se noyer dans le bruit de fond de l\u2019inconscient. Il n\u2019en reste qu\u2019une chim\u00e8re, une couleur incertaine, une odeur, une ombre pr\u00eate \u00e0 ressurgir. Dans cette pi\u00e8ce, le\u2026 <a class=\"wp-block-latest-posts__read-more\" href=\"https:\/\/victorwetzel.fr\/?p=1003\" rel=\"noopener noreferrer\">Lire la suite<span class=\"screen-reader-text\">\u00a0: \u00c9rosion m\u200b\u00e9\u200bmorielle<\/span><\/a><\/div><\/li>\n<li><div class=\"wp-block-latest-posts__featured-image alignleft\"><a href=\"https:\/\/victorwetzel.fr\/?p=865\" aria-label=\"Mauvaises Herbes\"><img loading=\"lazy\" decoding=\"async\" width=\"150\" height=\"150\" src=\"https:\/\/victorwetzel.fr\/wp-content\/uploads\/2022\/05\/cover_site-150x150.jpg\" class=\"attachment-thumbnail size-thumbnail wp-post-image\" alt=\"\" style=\"max-width:150px;max-height:150px;\" srcset=\"https:\/\/victorwetzel.fr\/wp-content\/uploads\/2022\/05\/cover_site-150x150.jpg 150w, https:\/\/victorwetzel.fr\/wp-content\/uploads\/2022\/05\/cover_site-300x300.jpg 300w, https:\/\/victorwetzel.fr\/wp-content\/uploads\/2022\/05\/cover_site-768x768.jpg 768w, https:\/\/victorwetzel.fr\/wp-content\/uploads\/2022\/05\/cover_site.jpg 976w\" sizes=\"auto, (max-width: 150px) 100vw, 150px\" \/><\/a><\/div><a class=\"wp-block-latest-posts__post-title\" href=\"https:\/\/victorwetzel.fr\/?p=865\">Mauvaises Herbes<\/a><div class=\"wp-block-latest-posts__post-excerpt\">Une main, un bambou. L\u2019homme et la nature. Ils se c\u00f4toient \u00e0 travers un voyage onirique, de l\u2019apparition de la vie jusqu\u2019\u00e0 notre civilisation actuelle. <\/div><\/li>\n<\/ul>","protected":false},"excerpt":{"rendered":"","protected":false},"author":1,"featured_media":0,"parent":790,"menu_order":0,"comment_status":"closed","ping_status":"closed","template":"","meta":{"material-hide-sections":[],"footnotes":""},"class_list":["post-858","page","type-page","status-publish","hentry"],"aioseo_notices":[],"jetpack_sharing_enabled":true,"_links":{"self":[{"href":"https:\/\/victorwetzel.fr\/index.php?rest_route=\/wp\/v2\/pages\/858","targetHints":{"allow":["GET"]}}],"collection":[{"href":"https:\/\/victorwetzel.fr\/index.php?rest_route=\/wp\/v2\/pages"}],"about":[{"href":"https:\/\/victorwetzel.fr\/index.php?rest_route=\/wp\/v2\/types\/page"}],"author":[{"embeddable":true,"href":"https:\/\/victorwetzel.fr\/index.php?rest_route=\/wp\/v2\/users\/1"}],"replies":[{"embeddable":true,"href":"https:\/\/victorwetzel.fr\/index.php?rest_route=%2Fwp%2Fv2%2Fcomments&post=858"}],"version-history":[{"count":6,"href":"https:\/\/victorwetzel.fr\/index.php?rest_route=\/wp\/v2\/pages\/858\/revisions"}],"predecessor-version":[{"id":882,"href":"https:\/\/victorwetzel.fr\/index.php?rest_route=\/wp\/v2\/pages\/858\/revisions\/882"}],"up":[{"embeddable":true,"href":"https:\/\/victorwetzel.fr\/index.php?rest_route=\/wp\/v2\/pages\/790"}],"wp:attachment":[{"href":"https:\/\/victorwetzel.fr\/index.php?rest_route=%2Fwp%2Fv2%2Fmedia&parent=858"}],"curies":[{"name":"wp","href":"https:\/\/api.w.org\/{rel}","templated":true}]}}